{"id":81,"date":"2016-02-15T12:54:01","date_gmt":"2016-02-15T11:54:01","guid":{"rendered":"http:\/\/ruizpintors.com\/?page_id=81"},"modified":"2016-09-24T08:25:08","modified_gmt":"2016-09-24T06:25:08","slug":"avis-legal","status":"publish","type":"page","link":"http:\/\/ruizpintors.com\/?page_id=81","title":{"rendered":"Av\u00eds legal"},"content":{"rendered":"<p><strong>En compliment amb el deure d&#8217;informaci\u00f3 recollit en article 10 de la Llei 34\/2002, de 11 de juliol, de Serveis de la Societat de la Informaci\u00f3 i del Comer\u00e7 Electr\u00f2nic a continuaci\u00f3 es declara ruizpintors.com com un lloc web empresarial propietat de Ruiz Pintors S.L\u00a0amb CIF B60749660 nscrita al registre mercantil de Barcelona, tom 27976, foli 0001, full 126346, inscripci\u00f3 1.\u00a0(en endavant, &#8220;el prestador&#8221;) amb domicili a\u00a0<\/strong><strong>C\/ Monistrolet\u00a0nau 7, PI Pont Nou I\u00a008241\u00a0Manresa.\u00a0<\/strong><\/p>\n<ul>\n<li><strong>Responsabilitat<\/strong><\/li>\n<\/ul>\n<p>Tota persona que accedeixi a aquest lloc web assumeix el paper d&#8217;usuari, comprometent-se a l&#8217;observan\u00e7a i compliment rigor\u00f3s de les disposicions aqu\u00ed disposades, aix\u00ed com a qualsevol altra disposici\u00f3 legal que fora d&#8217;aplicaci\u00f3.<br \/>\nEl prestador s&#8217;eximeix de qualsevol tipus de responsabilitat derivada de la informaci\u00f3 publicada al seu lloc web i per la manca de disponibilitat (caigudes) del lloc el qual efectuar\u00e0 m\u00e9s parades peri\u00f2diques per manteniments t\u00e8cnics. A m\u00e9s, el prestador es reserva el dret a modificar qualsevol tipus d&#8217;informaci\u00f3 que pogu\u00e9s apar\u00e8ixer al lloc web, sense que hi hagi obligaci\u00f3 de pre avisar o posar en coneixement dels usuaris aquestes obligacions, entenent-se com suficient amb la publicaci\u00f3 al lloc web del prestador.<\/p>\n<ul>\n<li><strong>\u00das de &#8220;Cookies&#8221;<\/strong><\/li>\n<\/ul>\n<p>El lloc web del prestador pot utilitzar cookies (petits arxius de text que el servidor envia a l&#8217;ordinador de qui accedeix a la p\u00e0gina). Es tracta d&#8217;una t\u00e8cnica utilitzada de manera habitual a Internet per dur a terme determinades funcions que s\u00f3n considerades imprescindibles per al correcte funcionament i visualitzaci\u00f3 del lloc. Les cookies utilitzades en el lloc web tenen, en tot cas, car\u00e0cter temporal amb l&#8217;\u00fanica finalitat de fer m\u00e9s efica\u00e7 la seva transmissi\u00f3 ulterior i desapareixen en acabar la sessi\u00f3 de l&#8217;usuari. En cap cas s&#8217;utilitzaran les cookies per recollir informaci\u00f3 de car\u00e0cter personal.<\/p>\n<p>Des del lloc web del client \u00e9s possible que es redirigeixi a continguts de tercers llocs web. At\u00e8s que el prestador no pot controlar sempre els continguts introdu\u00efts pels tercers en els seus llocs web, aquest no assumeix cap tipus de responsabilitat respecte a aquests continguts. En tot cas, el prestador es compromet a la retirada immediata de qualsevol contingut que pogu\u00e9s contravenir la legislaci\u00f3 nacional o internacional, la moral o l&#8217;ordre p\u00fablic, procedint a la retirada immediata de la redirecci\u00f3 a aquest lloc web, posant en coneixement de les autoritats competents el contingut en q\u00fcesti\u00f3.<\/p>\n<ul>\n<li><strong>Protecci\u00f3 de dades\u00a0personals<\/strong><\/li>\n<\/ul>\n<p>El prestador compleix amb la normativa espanyola de protecci\u00f3 de dades de car\u00e0cter personal, i garanteix el compliment \u00edntegre de les obligacions disposades la Llei Org\u00e0nica 15\/1999, de 13 de desembre, de Protecci\u00f3 de Dades de Car\u00e0cter Personal (LOPD), el Reial decret 1720\/2007, de 21 de desembre, pel qual s&#8217;aprova el Reglament de desenvolupament de la LOPD i altra normativa vigent en cada moment, i vetlla per garantir un correcte \u00fas i tractament de les dades personals de l&#8217;usuari.<\/p>\n<ul>\n<li><strong>Pol\u00edtica anti-spam<\/strong><\/li>\n<\/ul>\n<p>El prestador es declara completament en contra de l&#8217;enviament de comunicacions comercials no sol \u00b7 licitades ia qualsevol tipus de conducta o manifestaci\u00f3 coneguda com &#8220;spam&#8221;, aix\u00ed mateix es declara comprom\u00e8s amb la lluita contra aquest tipus de pr\u00e0ctiques abusives.<\/p>\n<p>Per tant, el prestador garanteix a l&#8217;usuari a que sota cap concepte les dades personals recollides al lloc web seran cedits, compartits, transferits, ni venuts a cap tercer.<br \/>\nPer les mateixes raons, el proc\u00e9s de registre no ha de ser utilitzat per inscriure adreces de correu de persones alienes sense el consentiment expr\u00e9s de les persones afectades. ruizpintors.com implementa com contramesura a aquesta pr\u00e0ctiques una llista de correu de tipus double opt-in que necessita la confirmaci\u00f3 explicita per part del titular del compte de correu electr\u00f2nic indicada com a adre\u00e7a de subscripci\u00f3, abans de rebre comunicacions per correu electr\u00f2nic.<br \/>\nEn el cas que tot i aix\u00ed un usuari rebi comunicacions d&#8217;aquest lloc web sense haver-se registrat, o sense haver donat el seu consentiment expr\u00e9s a aquest registre, pot cancel \u00b7 lar la subscripci\u00f3 des dels enlla\u00e7os que es proporcionen a la mateixa comunicaci\u00f3.<br \/>\nA m\u00e9s, l&#8217;usuari pot posar-se en contacte amb nosaltres a trav\u00e9s del formulari de contacte que es mant\u00e9 en el lloc web, tant per comunicar els fets com per sol \u00b7 licitar l&#8217;eliminaci\u00f3 immediata de les seves dades del nostre sistema.<\/p>\n<ul>\n<li><strong>Allotjament de dades<\/strong><\/li>\n<\/ul>\n<p>Per raons t\u00e8cniques i de qualitat de servei, la p\u00e0gina ruizpintors.com es troba allotjat en els servidors de l&#8217;empresa Hosteurope\u00a0(<a href=\"https:\/\/www.hosteurope.es\/aviso-legal\" target=\"_blank\">pol\u00edtica de privacitat<\/a>).<\/p>\n<p>Per les raons similars, la prestaci\u00f3 del servei de subscripci\u00f3 per correu electr\u00f2nic i enviament de newsletter s&#8217;efectua des de les instal \u00b7 lacions de l&#8217;empresa MailChimp (pol\u00edtica de privacitat).<\/p>\n<p>Tant Redcoruna com Mailchimp es troben adherides als principis de &#8220;Port Segur&#8221; (Safe Harbor), d&#8217;acord amb la Decisi\u00f3 2000\/520 \/ CE de la Comissi\u00f3 de 26 de juliol de 2000 va que les converteix entitats amb un nivell adequat de protecci\u00f3 a efectes de la LOPD.<\/p>\n<ul>\n<li><strong>Google Analytics<\/strong><\/li>\n<\/ul>\n<p>Google Analytics \u00e9s un servei an\u00e0lisi de dades estad\u00edstiques prestat per l&#8217;empresa Google (pol\u00edtica de privacitat). ruizpintors.com utilitza aquest servei per realitzar un seguiment de les estad\u00edstiques d&#8217;\u00fas del mateix.<br \/>\nGoogle Analytics utilitza cookies per ajudar al lloc web a analitzar dades estad\u00edstiques sobre l&#8217;\u00fas del mateix (nombre de visites totals, p\u00e0gines m\u00e9s vistes, etc). La informaci\u00f3 que genera la cookie (incloent la seva adre\u00e7a IP) ser\u00e0 directament transmesa i arxivada per Google en els servidors d&#8217;Estats Units.<br \/>\nGoogle utilitzar\u00e0 aquesta informaci\u00f3 per compte nostre amb el prop\u00f2sit de generar informaci\u00f3 estad\u00edstiques sobre l&#8217;\u00fas de ruizpintors.com, Google no associar\u00e0 la seva adre\u00e7a IP amb cap altra dada de qu\u00e8 disposi Google. Google podr\u00e0 transmetre aquesta informaci\u00f3 a tercers quan aix\u00ed ho requereixi la legislaci\u00f3, o quan aquests tercers processin la informaci\u00f3 per compte de Google.<br \/>\nVost\u00e8 pot rebutjar el tractament de les dades o la informaci\u00f3 rebutjant l&#8217;\u00fas de cookies mitjan\u00e7ant la selecci\u00f3 de la configuraci\u00f3 apropiada del seu navegador, per\u00f2, de fer-ho, limitar\u00e0 la plena funcionalitat de ruizpintors.com.<\/p>\n<p>En utilitzar aquest lloc web, d\u00f3na el seu consentiment al tractament d&#8217;informaci\u00f3 per Google en la forma i per als fins dalt indicats.<\/p>\n<ul>\n<li><strong>Google AdSense<\/strong><\/li>\n<\/ul>\n<p>Google, com a prove\u00efdor associat de ruizpintors.com, utilitza cookies per publicar anuncis en aquest lloc web. L&#8217;usuari pot desactivar l&#8217;\u00fas d&#8217;aquestes cookies seguint les instruccions que s&#8217;indiquen en secci\u00f3 de publicitat de la pol\u00edtica de privadesa de Google.<br \/>\nGoogle utilitza empreses publicit\u00e0ries associades per publicar anuncis quan visita el nostre lloc web. \u00c9s possible que aquestes empreses usin la informaci\u00f3 que obtenen de les seves visites a aquest i altres llocs web (sense incloure el seu nom, adre\u00e7a, adre\u00e7a de correu electr\u00f2nic o n\u00famero de tel\u00e8fon) per oferir anuncis sobre productes i serveis que li resultin d&#8217;inter\u00e8s.<\/p>\n<p>Per obtenir m\u00e9s informaci\u00f3 sobre aquesta pr\u00e0ctica i con\u00e8ixer les seves opcions per impedir que aquestes empreses usin aquesta informaci\u00f3, consulteu si us plau l&#8217;enlla\u00e7 anterior.<\/p>\n<ul>\n<li><strong>Feedburner<\/strong><\/li>\n<\/ul>\n<p>Ruizpintors.com utilitza FeedBurner com a gestor de subscripcions al feed, sota la pol\u00edtica de privadesa de Google abans esmentada. Ciutad\u00e0 utilitza FeedBurner per servir a l&#8217;usuari els fitxers XML que corresponen al contingut del feed i visualitzar, si escau, anuncis AdSense en ells. Feedburner fa un tractament d&#8217;adreces IP durant aquest proc\u00e9s similar a l&#8217;anteriorment descrit per al cas de Google Analytics i AdSense els detalls es poden consultar a la pol\u00edtica de privacitat abans esmentada.<\/p>\n<ul>\n<li><strong>Consentiment al tractament de dades personals<\/strong><\/li>\n<\/ul>\n<p>En el marc de les seves activitats, ruizpintors.com disposa de la possibilitat de registre d&#8217;usuaris per a l&#8217;enviament de comunicacions per correu electr\u00f2nic, fer comentaris al blog i enviar missatges a trav\u00e9s del formulari de contacte.<br \/>\nL&#8217;usuari mitjan\u00e7ant els actes de subscripci\u00f3 al bloc, la realitzaci\u00f3 comentaris o el formulari de contacte estar\u00e0 donant el seu consentiment expr\u00e9s al tractament dels personals proporcionades segons el que disposa l&#8217;article 6 de la LOPD.<\/p>\n<p>L&#8217;usuari podr\u00e0 exercir els seus drets en els termes que disposa l&#8217;article 5 de la LOPD.<br \/>\nAquests mateixos actes impliquen aix\u00ed mateix el consentiment expr\u00e9s de l&#8217;usuari a la transfer\u00e8ncia internacional de dades que es produeix en termes de la LOPD causa de la ubicaci\u00f3 f\u00edsica de les instal \u00b7 lacions dels prove\u00efdors dalt esmentats.<br \/>\nLes dades de car\u00e0cter personal sol \u00b7 licitats en aquestes activitats, quedaran incorporades a un fitxer amb la finalitat la comunicaci\u00f3 de novetats relatives al lloc web de Ruizpintors.com actuant com a responsable del fitxer el prestador. Els camps marcats amb asterisc s&#8217;han d&#8217;emplenar obligat\u00f2riament, sent impossible realitzar la finalitat expressada si no s&#8217;aporten aquestes dades.<\/p>\n<p>Queda igualment informat de la possibilitat d&#8217;exercir els drets que s&#8217;indiquen en l&#8217;apartat relatiu als Drets de l&#8217;usuari.<\/p>\n<ul>\n<li><strong>Drets de l&#8217;usuari<\/strong><\/li>\n<\/ul>\n<p>De conformitat amb el que estableix l&#8217;article 5 de la LOPD, s&#8217;informa a l&#8217;usuari que la finalitat exclusiva de la base de dades de registre \u00e9s l&#8217;enviament d&#8217;informaci\u00f3 sobre novetats relacionades amb el lloc web ruizpintors.com.<\/p>\n<p>\u00danicament els titulars tindran acc\u00e9s a les seves dades, i sota cap concepte, aquestes dades seran cedides, compartides, transferits, ni venuts a cap tercer.<br \/>\nD&#8217;acord amb el que disposa la LOPD, l&#8217;usuari en qualsevol moment podr\u00e0 exercir els drets d&#8217;acc\u00e9s, rectificaci\u00f3, cancel \u00b7 laci\u00f3 i oposici\u00f3 davant del prestador.<br \/>\nPer facilitar l&#8217;exercici d&#8217;aquests drets es facilita a totes les comunicacions un enlla\u00e7 de sol \u00b7 licitud de baixa que redundar\u00e0 en l&#8217;eliminaci\u00f3 immediata de les dades personals de l&#8217;usuari de la nostra base de dades.<\/p>\n<ul>\n<li><strong>Enlla\u00e7os d&#8217;afiliaci\u00f3<\/strong><\/li>\n<\/ul>\n<p>Ruizpintors.com utilitza ocasionalment enlla\u00e7os d&#8217;afiliaci\u00f3 de productes i serveis de marques que hagin establert un programa d&#8217;afiliats. Aquests enlla\u00e7os s&#8217;usen exclusivament despr\u00e9s de fer servir aquests productes i serveis, o b\u00e9, haver realitzat proves que permetin valorar que compleixen amb un adequat nivell de qualitat.<\/p>\n<p>El prestador es compromet a no incloure enlla\u00e7os afiliats arbitraris a productes que no compleixin amb les condicions abans descrites entenent a m\u00e9s que aquest tipus de pr\u00e0ctiques resultarien molt contraproduents per a la reputaci\u00f3 del propi lloc web que els promociona.<\/p>\n<ul>\n<li><strong>Propitat intel\u00b7lectual i \u00fas\u00a0dels continguts<\/strong><\/li>\n<\/ul>\n<p>El lloc web ruizpintors.com, incloent a t\u00edtol enunciatiu per\u00f2 no limitatiu la seva programaci\u00f3, edici\u00f3, compilaci\u00f3 i altres elements necessaris per al seu funcionament, els dissenys, logotips, text i \/ o gr\u00e0fics s\u00f3n propietat del prestador o si escau disposa de llic\u00e8ncia o autoritzaci\u00f3 expressa per part dels autors.<\/p>\n<p>Ruizpintors.com atorga a l&#8217;usuari una llic\u00e8ncia Creative Commons Reconeixement-Comercial-CompartirIgual 3.0 els termes exactes es poden consultar en aquest enlla\u00e7.<br \/>\nQualsevol \u00fas no autoritzat pr\u00e8viament per part del prestador ser\u00e0 considerat un incompliment greu dels drets de propietat intel \u00b7 lectual o industrial de l&#8217;autor.<\/p>\n<p>Els dissenys, logotips, text i \/ o gr\u00e0fics aliens al prestador i que poguessin apar\u00e8ixer al lloc web, pertanyen als seus respectius propietaris, sent ells mateixos responsables de qualsevol possible controv\u00e8rsia que pogu\u00e9s suscitar respecte a aquests. En tot cas, el prestador compta amb l&#8217;autoritzaci\u00f3 expressa i pr\u00e8via per part dels mateixos.<\/p>\n<p>Per realitzar qualsevol tipus d&#8217;observaci\u00f3 respecte a possibles incompliments dels drets de propietat intel \u00b7 lectual o industrial, aix\u00ed com sobre qualsevol dels continguts del lloc web, pot fer-ho a trav\u00e9s del formulari de contacte que es mant\u00e9 en el lloc web.<\/p>\n<ul>\n<li><strong>Llei aplicable\u00a0i jurisdicci\u00f3<\/strong><\/li>\n<\/ul>\n<p>Per a la resoluci\u00f3 de totes les controv\u00e8rsies o q\u00fcestions relacionades amb el present lloc web o de les activitats en ell desenvolupades, ser\u00e0 d&#8217;aplicaci\u00f3 la legislaci\u00f3 espanyola, a la qual se sotmeten expressament les parts.<\/p>\n","protected":false},"excerpt":{"rendered":"<p>En compliment amb el deure d&#8217;informaci\u00f3 recollit en article 10 de la Llei 34\/2002, de 11 de juliol, de Serveis de la Societat de la Informaci\u00f3 i del Comer\u00e7 Electr\u00f2nic a continuaci\u00f3 es declara ruizpintors.com com un lloc web empresarial propietat de Ruiz Pintors S.L\u00a0amb CIF B60749660 nscrita al registre mercantil de Barcelona, tom 27976, foli 0001, full 126346, inscripci\u00f3 1.\u00a0(en endavant, &#8220;el prestador&#8221;) amb domicili a\u00a0C\/ Monistrolet\u00a0nau 7, PI Pont Nou I\u00a008241\u00a0Manresa.\u00a0 Responsabilitat Tota persona que accedeixi a aquest lloc web assumeix el paper d&#8217;usuari, comprometent-se a l&#8217;observan\u00e7a i compliment rigor\u00f3s de les disposicions aqu\u00ed disposades, aix\u00ed com a qualsevol altra disposici\u00f3 legal que fora d&#8217;aplicaci\u00f3. El prestador s&#8217;eximeix de qualsevol tipus de responsabilitat derivada de la informaci\u00f3 publicada al seu lloc web i per la manca de disponibilitat (caigudes) del lloc el qual efectuar\u00e0 m\u00e9s parades peri\u00f2diques per manteniments t\u00e8cnics. A m\u00e9s, el prestador es reserva el dret a modificar qualsevol tipus d&#8217;informaci\u00f3 que pogu\u00e9s apar\u00e8ixer al lloc web, sense que hi hagi obligaci\u00f3 de pre avisar o posar en coneixement dels usuaris aquestes obligacions, entenent-se com suficient amb la publicaci\u00f3 al lloc web del prestador. \u00das de &#8220;Cookies&#8221; El lloc web del prestador pot utilitzar cookies (petits arxius de text que el servidor envia a l&#8217;ordinador de qui accedeix a la p\u00e0gina). Es tracta d&#8217;una t\u00e8cnica utilitzada de manera habitual a Internet per dur a terme determinades funcions que s\u00f3n considerades imprescindibles per al correcte funcionament i visualitzaci\u00f3 del lloc. Les cookies utilitzades en el lloc web tenen, en tot cas, car\u00e0cter temporal amb l&#8217;\u00fanica finalitat de fer m\u00e9s efica\u00e7 la seva transmissi\u00f3 ulterior i desapareixen en acabar la sessi\u00f3 de l&#8217;usuari. En cap cas s&#8217;utilitzaran les cookies per recollir informaci\u00f3 de car\u00e0cter personal. Des del lloc web del client \u00e9s possible que es redirigeixi a continguts de tercers llocs web. At\u00e8s que el prestador no pot controlar sempre els continguts introdu\u00efts pels tercers en els seus llocs web, aquest no assumeix cap tipus de responsabilitat respecte a aquests continguts. En tot cas, el prestador es compromet a la retirada immediata de qualsevol contingut que pogu\u00e9s contravenir la legislaci\u00f3 nacional o internacional, la moral o l&#8217;ordre p\u00fablic, procedint a la retirada immediata de la redirecci\u00f3 a aquest lloc web, posant en coneixement de les autoritats competents el contingut en q\u00fcesti\u00f3. Protecci\u00f3 de dades\u00a0personals El prestador compleix amb la normativa espanyola de protecci\u00f3 de dades de car\u00e0cter personal, i garanteix el compliment \u00edntegre de les obligacions disposades la Llei Org\u00e0nica 15\/1999, de 13 de desembre, de Protecci\u00f3 de Dades de Car\u00e0cter Personal (LOPD), el Reial decret 1720\/2007, de 21 de desembre, pel qual s&#8217;aprova el Reglament de desenvolupament de la LOPD i altra normativa vigent en cada moment, i vetlla per garantir un correcte \u00fas i tractament de les dades personals de l&#8217;usuari. Pol\u00edtica anti-spam El prestador es declara completament en contra de l&#8217;enviament de comunicacions comercials no sol \u00b7 licitades ia qualsevol tipus de conducta o manifestaci\u00f3 coneguda com &#8220;spam&#8221;, aix\u00ed mateix es declara comprom\u00e8s amb la lluita contra aquest tipus de pr\u00e0ctiques abusives. Per tant, el prestador garanteix a l&#8217;usuari a que sota cap concepte les dades personals recollides al lloc web seran cedits, compartits, transferits, ni venuts a cap tercer. Per les mateixes raons, el proc\u00e9s de registre no ha de ser utilitzat per inscriure adreces de correu de persones alienes sense el consentiment expr\u00e9s de les persones afectades. ruizpintors.com implementa com contramesura a aquesta pr\u00e0ctiques una llista de correu de tipus double opt-in que necessita la confirmaci\u00f3 explicita per part del titular del compte de correu electr\u00f2nic indicada com a adre\u00e7a de subscripci\u00f3, abans de rebre comunicacions per correu electr\u00f2nic. En el cas que tot i aix\u00ed un usuari rebi comunicacions d&#8217;aquest lloc web sense haver-se registrat, o sense haver donat el seu consentiment expr\u00e9s a aquest registre, pot cancel \u00b7 lar la subscripci\u00f3 des dels enlla\u00e7os que es proporcionen a la mateixa comunicaci\u00f3. A m\u00e9s, l&#8217;usuari pot posar-se en contacte amb nosaltres a trav\u00e9s del formulari de contacte que es mant\u00e9 en el lloc web, tant per comunicar els fets com per sol \u00b7 licitar l&#8217;eliminaci\u00f3 immediata de les seves dades del nostre sistema. Allotjament de dades Per raons t\u00e8cniques i de qualitat de servei, la p\u00e0gina ruizpintors.com es troba allotjat en els servidors de l&#8217;empresa Hosteurope\u00a0(pol\u00edtica de privacitat). Per les raons similars, la prestaci\u00f3 del servei de subscripci\u00f3 per correu electr\u00f2nic i enviament de newsletter s&#8217;efectua des de les instal \u00b7 lacions de l&#8217;empresa MailChimp (pol\u00edtica de privacitat). Tant Redcoruna com Mailchimp es troben adherides als principis de &#8220;Port Segur&#8221; (Safe Harbor), d&#8217;acord amb la Decisi\u00f3 2000\/520 \/ CE de la Comissi\u00f3 de 26 de juliol de 2000 va que les converteix entitats amb un nivell adequat de protecci\u00f3 a efectes de la LOPD. Google Analytics Google Analytics \u00e9s un servei an\u00e0lisi de dades estad\u00edstiques prestat per l&#8217;empresa Google (pol\u00edtica de privacitat). ruizpintors.com utilitza aquest servei per realitzar un seguiment de les estad\u00edstiques d&#8217;\u00fas del mateix. Google Analytics utilitza cookies per ajudar al lloc web a analitzar dades estad\u00edstiques sobre l&#8217;\u00fas del mateix (nombre de visites totals, p\u00e0gines m\u00e9s vistes, etc). La informaci\u00f3 que genera la cookie (incloent la seva adre\u00e7a IP) ser\u00e0 directament transmesa i arxivada per Google en els servidors d&#8217;Estats Units. Google utilitzar\u00e0 aquesta informaci\u00f3 per compte nostre amb el prop\u00f2sit de generar informaci\u00f3 estad\u00edstiques sobre l&#8217;\u00fas de ruizpintors.com, Google no associar\u00e0 la seva adre\u00e7a IP amb cap altra dada de qu\u00e8 disposi Google. Google podr\u00e0 transmetre aquesta informaci\u00f3 a tercers quan aix\u00ed ho requereixi la legislaci\u00f3, o quan aquests tercers processin la informaci\u00f3 per compte de Google. Vost\u00e8 pot rebutjar el tractament de les dades o la informaci\u00f3 rebutjant l&#8217;\u00fas de cookies mitjan\u00e7ant la selecci\u00f3 de la configuraci\u00f3 apropiada del seu navegador, per\u00f2, de fer-ho, limitar\u00e0 la plena funcionalitat de ruizpintors.com. En utilitzar aquest lloc web, d\u00f3na el seu consentiment al tractament d&#8217;informaci\u00f3 per Google en la forma i per als fins dalt indicats. Google AdSense Google, com a prove\u00efdor associat de ruizpintors.com, utilitza cookies per publicar anuncis [&hellip;]<\/p>\n","protected":false},"author":1,"featured_media":0,"parent":0,"menu_order":0,"comment_status":"closed","ping_status":"closed","template":"","meta":{"footnotes":""},"class_list":["post-81","page","type-page","status-publish","hentry"],"_links":{"self":[{"href":"http:\/\/ruizpintors.com\/index.php?rest_route=\/wp\/v2\/pages\/81"}],"collection":[{"href":"http:\/\/ruizpintors.com\/index.php?rest_route=\/wp\/v2\/pages"}],"about":[{"href":"http:\/\/ruizpintors.com\/index.php?rest_route=\/wp\/v2\/types\/page"}],"author":[{"embeddable":true,"href":"http:\/\/ruizpintors.com\/index.php?rest_route=\/wp\/v2\/users\/1"}],"replies":[{"embeddable":true,"href":"http:\/\/ruizpintors.com\/index.php?rest_route=%2Fwp%2Fv2%2Fcomments&post=81"}],"version-history":[{"count":5,"href":"http:\/\/ruizpintors.com\/index.php?rest_route=\/wp\/v2\/pages\/81\/revisions"}],"predecessor-version":[{"id":171,"href":"http:\/\/ruizpintors.com\/index.php?rest_route=\/wp\/v2\/pages\/81\/revisions\/171"}],"wp:attachment":[{"href":"http:\/\/ruizpintors.com\/index.php?rest_route=%2Fwp%2Fv2%2Fmedia&parent=81"}],"curies":[{"name":"wp","href":"https:\/\/api.w.org\/{rel}","templated":true}]}}